{"id":184,"date":"2026-03-27T10:40:24","date_gmt":"2026-03-27T03:40:24","guid":{"rendered":"http:\/\/hchbearing.vn\/?page_id=184"},"modified":"2026-04-01T10:30:58","modified_gmt":"2026-04-01T03:30:58","slug":"lien-he","status":"publish","type":"page","link":"https:\/\/hchbearing.vn\/en\/lien-he\/","title":{"rendered":"Contact"},"content":{"rendered":"<div data-elementor-type=\"wp-page\" data-elementor-id=\"184\" class=\"elementor elementor-184\" data-elementor-post-type=\"page\">\n\t\t\t\t<div class=\"elementor-element elementor-element-43346c85 e-flex e-con-boxed e-con e-parent\" data-id=\"43346c85\" data-element_type=\"container\">\n\t\t\t\t\t<div class=\"e-con-inner\">\n\t\t<div class=\"elementor-element elementor-element-7f0cd8c e-flex e-con-boxed e-con e-child\" data-id=\"7f0cd8c\" data-element_type=\"container\">\n\t\t\t\t\t<div class=\"e-con-inner\">\n\t\t\t\t<div class=\"elementor-element elementor-element-3f33f9be elementor-widget elementor-widget-heading\" data-id=\"3f33f9be\" data-element_type=\"widget\" data-widget_type=\"heading.default\">\n\t\t\t\t\t<h2 class=\"elementor-heading-title elementor-size-default\">Contact<\/h2>\t\t\t\t<\/div>\n\t\t\t\t<div class=\"elementor-element elementor-element-1128c30 elementor-align-center elementor-widget elementor-widget-breadcrumbs\" data-id=\"1128c30\" data-element_type=\"widget\" data-widget_type=\"breadcrumbs.default\">\n\t\t\t\t\t<p id=\"breadcrumbs\"><span><span><a href=\"https:\/\/hchbearing.vn\/en\/\">Homepage<\/a><\/span><\/span><\/p>\t\t\t\t<\/div>\n\t\t\t\t\t<\/div>\n\t\t\t\t<\/div>\n\t\t\t\t\t<\/div>\n\t\t\t\t<\/div>\n\t\t<div class=\"elementor-element elementor-element-1a79f83c e-flex e-con-boxed e-con e-parent\" data-id=\"1a79f83c\" data-element_type=\"container\">\n\t\t\t\t\t<div class=\"e-con-inner\">\n\t\t\t\t<div class=\"elementor-element elementor-element-757dcd3 elementor-widget elementor-widget-html\" data-id=\"757dcd3\" data-element_type=\"widget\" data-widget_type=\"html.default\">\n\t\t\t\t\t<iframe src=\"https:\/\/www.google.com\/maps\/embed?pb=!1m18!1m12!1m3!1d4690.591924583554!2d106.72873497573592!3d10.7433219598021!2m3!1f0!2f0!3f0!3m2!1i1024!2i768!4f13.1!3m3!1m2!1s0x317525005c0ac295%3A0xb8b169c3c47f4c06!2sVIET%20NAM%20HCH%20BEARING%20CO.%2CLTD-OEM!5e1!3m2!1svi!2s!4v1774595073190!5m2!1svi!2s\" width=\"100%\" height=\"250\" style=\"border:0;\" allowfullscreen=\"\" loading=\"lazy\" referrerpolicy=\"no-referrer-when-downgrade\"><\/iframe>\t\t\t\t<\/div>\n\t\t<div class=\"elementor-element elementor-element-5491f1e3 e-flex e-con-boxed e-con e-child\" data-id=\"5491f1e3\" data-element_type=\"container\">\n\t\t\t\t\t<div class=\"e-con-inner\">\n\t\t<div class=\"elementor-element elementor-element-44994c39 e-flex e-con-boxed e-con e-child\" data-id=\"44994c39\" data-element_type=\"container\">\n\t\t\t\t\t<div class=\"e-con-inner\">\n\t\t<div class=\"elementor-element elementor-element-19633771 e-con-full e-flex e-con e-child\" data-id=\"19633771\" data-element_type=\"container\">\n\t\t\t\t<div class=\"elementor-element elementor-element-29c7788e elementor-widget elementor-widget-heading\" data-id=\"29c7788e\" data-element_type=\"widget\" data-widget_type=\"heading.default\">\n\t\t\t\t\t<h5 class=\"elementor-heading-title elementor-size-default\">Contact<\/h5>\t\t\t\t<\/div>\n\t\t\t\t<div class=\"elementor-element elementor-element-1153d5ec elementor-widget elementor-widget-heading\" data-id=\"1153d5ec\" data-element_type=\"widget\" data-widget_type=\"heading.default\">\n\t\t\t\t\t<h2 class=\"elementor-heading-title elementor-size-default\">K\u1ebft N\u1ed1i V\u1edbi Chuy\u00ean Gia <\/h2>\t\t\t\t<\/div>\n\t\t\t\t<div class=\"elementor-element elementor-element-2e6dcf0f elementor-widget elementor-widget-text-editor\" data-id=\"2e6dcf0f\" data-element_type=\"widget\" data-widget_type=\"text-editor.default\">\n\t\t\t\t\t\t\t\t\t<p data-path-to-node=\"11\">B\u1ea1n \u0111ang t\u00ecm ki\u1ebfm gi\u1ea3i ph\u00e1p v\u00f2ng bi ch\u1ea5t l\u01b0\u1ee3ng cao cho d\u00e2y chuy\u1ec1n s\u1ea3n xu\u1ea5t ho\u1eb7c c\u1ea7n h\u1ee3p t\u00e1c gia c\u00f4ng OEM theo ti\u00eau chu\u1ea9n qu\u1ed1c t\u1ebf? \u0110\u1ed9i ng\u0169 k\u1ef9 s\u01b0 v\u00e0 chuy\u00ean vi\u00ean t\u01b0 v\u1ea5n c\u1ee7a <b data-path-to-node=\"11\" data-index-in-node=\"170\">VIET NAM HCH BEARING<\/b> lu\u00f4n s\u1eb5n s\u00e0ng h\u1ed7 tr\u1ee3 b\u1ea1n 24\/7.<\/p>\t\t\t\t\t\t\t\t<\/div>\n\t\t\t\t<div class=\"elementor-element elementor-element-5b21111b elementor-widget elementor-widget-spacer\" data-id=\"5b21111b\" data-element_type=\"widget\" data-widget_type=\"spacer.default\">\n\t\t\t\t\t\t\t<div class=\"elementor-spacer\">\n\t\t\t<div class=\"elementor-spacer-inner\"><\/div>\n\t\t<\/div>\n\t\t\t\t\t\t<\/div>\n\t\t\t\t<div class=\"elementor-element elementor-element-34e1a21a elementor-widget elementor-widget-heading\" data-id=\"34e1a21a\" data-element_type=\"widget\" data-widget_type=\"heading.default\">\n\t\t\t\t\t<h3 class=\"elementor-heading-title elementor-size-default\">Th\u00f4ng tin li\u00ean h\u1ec7<\/h3>\t\t\t\t<\/div>\n\t\t\t\t<div class=\"elementor-element elementor-element-35f7c0ee elementor-widget-divider--view-line elementor-widget elementor-widget-divider\" data-id=\"35f7c0ee\" data-element_type=\"widget\" data-widget_type=\"divider.default\">\n\t\t\t\t\t\t\t<div class=\"elementor-divider\">\n\t\t\t<span class=\"elementor-divider-separator\">\n\t\t\t\t\t\t<\/span>\n\t\t<\/div>\n\t\t\t\t\t\t<\/div>\n\t\t\t\t<div class=\"elementor-element elementor-element-5b5f08db elementor-icon-list--layout-traditional elementor-list-item-link-full_width elementor-widget elementor-widget-icon-list\" data-id=\"5b5f08db\" data-element_type=\"widget\" data-widget_type=\"icon-list.default\">\n\t\t\t\t\t\t\t<ul class=\"elementor-icon-list-items\">\n\t\t\t\t\t\t\t<li class=\"elementor-icon-list-item\">\n\t\t\t\t\t\t\t\t\t\t<span class=\"elementor-icon-list-text\">\u0110\u1ecba ch\u1ec9: 28\/8 Tr\u1ea7n Tr\u1ecdng Cung, Ph\u01b0\u1eddng T\u00e2n Thu\u1eadn<\/span>\n\t\t\t\t\t\t\t\t\t<\/li>\n\t\t\t\t\t\t\t\t<li class=\"elementor-icon-list-item\">\n\t\t\t\t\t\t\t\t\t\t<span class=\"elementor-icon-list-text\">Th\u00e0nh ph\u1ed1 H\u1ed3 Ch\u00ed Minh (Kho C1-A)<\/span>\n\t\t\t\t\t\t\t\t\t<\/li>\n\t\t\t\t\t\t<\/ul>\n\t\t\t\t\t\t<\/div>\n\t\t\t\t<div class=\"elementor-element elementor-element-7821a662 elementor-icon-list--layout-traditional elementor-list-item-link-full_width elementor-widget elementor-widget-icon-list\" data-id=\"7821a662\" data-element_type=\"widget\" data-widget_type=\"icon-list.default\">\n\t\t\t\t\t\t\t<ul class=\"elementor-icon-list-items\">\n\t\t\t\t\t\t\t<li class=\"elementor-icon-list-item\">\n\t\t\t\t\t\t\t\t\t\t\t<a href=\"mailto:commercial@hchbearing.vn\">\n\n\t\t\t\t\t\t\t\t\t\t\t<span class=\"elementor-icon-list-text\">Email: commercial@hchbearing.vn<\/span>\n\t\t\t\t\t\t\t\t\t\t\t<\/a>\n\t\t\t\t\t\t\t\t\t<\/li>\n\t\t\t\t\t\t<\/ul>\n\t\t\t\t\t\t<\/div>\n\t\t\t\t<div class=\"elementor-element elementor-element-6cd467f elementor-icon-list--layout-traditional elementor-list-item-link-full_width elementor-widget elementor-widget-icon-list\" data-id=\"6cd467f\" data-element_type=\"widget\" data-widget_type=\"icon-list.default\">\n\t\t\t\t\t\t\t<ul class=\"elementor-icon-list-items\">\n\t\t\t\t\t\t\t<li class=\"elementor-icon-list-item\">\n\t\t\t\t\t\t\t\t\t\t<span class=\"elementor-icon-list-text\">S\u0110T: 035 662 8830<\/span>\n\t\t\t\t\t\t\t\t\t<\/li>\n\t\t\t\t\t\t<\/ul>\n\t\t\t\t\t\t<\/div>\n\t\t\t\t<div class=\"elementor-element elementor-element-28f2df6 elementor-icon-list--layout-traditional elementor-list-item-link-full_width elementor-widget elementor-widget-icon-list\" data-id=\"28f2df6\" data-element_type=\"widget\" data-widget_type=\"icon-list.default\">\n\t\t\t\t\t\t\t<ul class=\"elementor-icon-list-items\">\n\t\t\t\t\t\t\t<li class=\"elementor-icon-list-item\">\n\t\t\t\t\t\t\t\t\t\t<span class=\"elementor-icon-list-text\">Tax ID: 0318675935<\/span>\n\t\t\t\t\t\t\t\t\t<\/li>\n\t\t\t\t\t\t<\/ul>\n\t\t\t\t\t\t<\/div>\n\t\t\t\t<\/div>\n\t\t<div class=\"elementor-element elementor-element-ab67040 e-con-full e-flex e-con e-child\" data-id=\"ab67040\" data-element_type=\"container\" data-settings=\"{&quot;background_background&quot;:&quot;classic&quot;}\">\n\t\t\t\t<div class=\"elementor-element elementor-element-1de14a0 fluentform-widget-submit-button-full-width fluent-form-widget-step-header-yes fluent-form-widget-step-progressbar-yes elementor-widget elementor-widget-fluent-form-widget\" data-id=\"1de14a0\" data-element_type=\"widget\" data-widget_type=\"fluent-form-widget.default\">\n\t\t\t\t<div class=\"elementor-widget-container\">\n\t\t\t\t\t\n            <div class=\"fluentform-widget-wrapper fluentform-widget-align-default\">\n\n            \n            <div class='fluentform ff-default fluentform_wrapper_1 ffs_default_wrap'><form data-form_id=\"1\" id=\"fluentform_1\" class=\"frm-fluent-form fluent_form_1 ff-el-form-top ff_form_instance_1_1 ff-form-loading ffs_default\" data-form_instance=\"ff_form_instance_1_1\" method=\"POST\" action=\"\" ><fieldset  style=\"border: none!important;margin: 0!important;padding: 0!important;background-color: transparent!important;box-shadow: none!important;outline: none!important; min-inline-size: 100%;\">\n                    <legend class=\"ff_screen_reader_title\" style=\"display: block; margin: 0!important;padding: 0!important;height: 0!important;text-indent: -999999px;width: 0!important;overflow:hidden;\">Bi\u1ec3u m\u1eabu li\u00ean h\u1ec7<\/legend><input type='hidden' name='__fluent_form_embded_post_id' value='184' \/><input type=\"hidden\" id=\"_fluentform_1_fluentformnonce\" name=\"_fluentform_1_fluentformnonce\" value=\"fddb824546\" \/><input type=\"hidden\" name=\"_wp_http_referer\" value=\"\/en\/wp-json\/wp\/v2\/pages\/184\" \/><div class='ff-el-group'><div class='ff-el-input--content'><input type=\"text\" name=\"input_text\" class=\"ff-el-form-control\" placeholder=\"H\u1ecd v\u00e0 t\u00ean\" data-name=\"input_text\" id=\"ff_1_input_text\"  aria-invalid=\"false\" aria-required=\"false\"><\/div><\/div><div data-name=\"ff_cn_id_1\"  class='ff-t-container ff-column-container ff_columns_total_2'><div class='ff-t-cell ff-t-column-1' style='flex-basis: 50%;'><div class='ff-el-group'><div class='ff-el-input--content'><input type=\"email\" name=\"email\" id=\"ff_1_email\" class=\"ff-el-form-control\" placeholder=\"Email Address\" data-name=\"email\"  aria-invalid=\"false\" aria-required=\"true\"><\/div><\/div><\/div><div class='ff-t-cell ff-t-column-2' style='flex-basis: 50%;'><div class='ff-el-group'><div class='ff-el-input--content'><input name=\"phone\" class=\"ff-el-form-control ff-el-phone\" type=\"tel\" placeholder=\"S\u1ed1 \u0111i\u1ec7n tho\u1ea1i\" data-name=\"phone\" id=\"ff_1_phone\" inputmode=\"tel\"  aria-invalid='false' aria-required=\"true\"><\/div><\/div><\/div><\/div><div class='ff-el-group ff-el-form-hide_label'><div class=\"ff-el-input--label asterisk-right\"><label for='ff_1_subject' aria-label=\"C\u00f4ng ty\">C\u00f4ng ty<\/label><\/div><div class='ff-el-input--content'><input type=\"text\" name=\"subject\" class=\"ff-el-form-control\" placeholder=\"C\u00f4ng ty\" data-name=\"subject\" id=\"ff_1_subject\"  aria-invalid=\"false\" aria-required=\"false\"><\/div><\/div><div class='ff-el-group ff-el-form-hide_label'><div class=\"ff-el-input--label ff-el-is-required asterisk-right\"><label for='ff_1_message' aria-label=\"N\u1ed9i dung\">N\u1ed9i dung<\/label><\/div><div class='ff-el-input--content'><textarea aria-invalid=\"false\" aria-required=\"true\" name=\"message\" id=\"ff_1_message\" class=\"ff-el-form-control\" placeholder=\"N\u1ed9i dung\" rows=\"4\" cols=\"2\" data-name=\"message\" ><\/textarea><\/div><\/div><div class='ff-el-group ff-text-left ff_submit_btn_wrapper'><button type=\"submit\" class=\"ff-btn ff-btn-submit ff-btn-md ff_btn_style\" >G\u1eecI LI\u00caN H\u1ec6<\/button><\/div><\/fieldset><input type=\"hidden\" name=\"trp-form-language\" value=\"en\"\/><\/form><div id='fluentform_1_errors' class='ff-errors-in-stack ff_form_instance_1_1 ff-form-loading_errors ff_form_instance_1_1_errors'><\/div><\/div>        <script type=\"text\/javascript\">\n            window.fluent_form_ff_form_instance_1_1 = {\"id\":\"1\",\"settings\":{\"layout\":{\"labelPlacement\":\"top\",\"helpMessagePlacement\":\"with_label\",\"errorMessagePlacement\":\"inline\",\"cssClassName\":\"\",\"asteriskPlacement\":\"asterisk-right\"},\"restrictions\":{\"denyEmptySubmission\":{\"enabled\":false}}},\"form_instance\":\"ff_form_instance_1_1\",\"form_id_selector\":\"fluentform_1\",\"rules\":{\"input_text\":{\"required\":{\"value\":false,\"message\":\"This field is required\",\"global_message\":\"This field is required\",\"global\":true}},\"email\":{\"required\":{\"value\":true,\"message\":\"This field is required\",\"global\":false,\"global_message\":\"This field is required\"},\"email\":{\"value\":true,\"message\":\"This field must contain a valid email\",\"global\":false,\"global_message\":\"This field must contain a valid email\"}},\"phone\":{\"required\":{\"value\":true,\"global\":true,\"message\":\"This field is required\",\"global_message\":\"This field is required\"},\"valid_phone_number\":{\"value\":false,\"global\":true,\"message\":\"Phone number is not valid\",\"global_message\":\"Phone number is not valid\"}},\"subject\":{\"required\":{\"value\":false,\"message\":\"This field is required\",\"global\":false,\"global_message\":\"This field is required\"}},\"message\":{\"required\":{\"value\":true,\"message\":\"This field is required\",\"global\":false,\"global_message\":\"This field is required\"}}},\"debounce_time\":300};\n                    <\/script>\n                    <\/div>\n\n            \t\t\t\t<\/div>\n\t\t\t\t<\/div>\n\t\t\t\t<\/div>\n\t\t\t\t\t<\/div>\n\t\t\t\t<\/div>\n\t\t\t\t\t<\/div>\n\t\t\t\t<\/div>\n\t\t\t\t\t<\/div>\n\t\t\t\t<\/div>\n\t\t\t\t<\/div>","protected":false},"excerpt":{"rendered":"<p>Li\u00ean h\u1ec7 K\u1ebft N\u1ed1i V\u1edbi Chuy\u00ean Gia B\u1ea1n \u0111ang t\u00ecm ki\u1ebfm gi\u1ea3i ph\u00e1p v\u00f2ng bi ch\u1ea5t l\u01b0\u1ee3ng cao cho d\u00e2y chuy\u1ec1n s\u1ea3n xu\u1ea5t ho\u1eb7c c\u1ea7n h\u1ee3p t\u00e1c gia c\u00f4ng OEM theo ti\u00eau chu\u1ea9n qu\u1ed1c t\u1ebf? \u0110\u1ed9i ng\u0169 k\u1ef9 s\u01b0 v\u00e0 chuy\u00ean vi\u00ean t\u01b0 v\u1ea5n c\u1ee7a VIET NAM HCH BEARING lu\u00f4n s\u1eb5n s\u00e0ng h\u1ed7 tr\u1ee3 b\u1ea1n [&hellip;]<\/p>","protected":false},"author":1,"featured_media":0,"parent":0,"menu_order":0,"comment_status":"closed","ping_status":"closed","template":"","meta":{"footnotes":""},"class_list":["post-184","page","type-page","status-publish","hentry"],"yoast_head":"<!-- This site is optimized with the Yoast SEO Premium plugin v20.9 (Yoast SEO v20.9) - https:\/\/yoast.com\/wordpress\/plugins\/seo\/ -->\n<title>Li\u00ean h\u1ec7 - HCH BEARING VIETNAM<\/title>\n<meta name=\"robots\" content=\"noindex, follow, max-snippet:-1, max-image-preview:large, max-video-preview:-1\" \/>\n<meta property=\"og:locale\" content=\"en_US\" \/>\n<meta property=\"og:type\" content=\"article\" \/>\n<meta property=\"og:title\" content=\"Li\u00ean h\u1ec7\" \/>\n<meta property=\"og:description\" content=\"Li\u00ean h\u1ec7 K\u1ebft N\u1ed1i V\u1edbi Chuy\u00ean Gia B\u1ea1n \u0111ang t\u00ecm ki\u1ebfm gi\u1ea3i ph\u00e1p v\u00f2ng bi ch\u1ea5t l\u01b0\u1ee3ng cao cho d\u00e2y chuy\u1ec1n s\u1ea3n xu\u1ea5t ho\u1eb7c c\u1ea7n h\u1ee3p t\u00e1c gia c\u00f4ng OEM theo ti\u00eau chu\u1ea9n qu\u1ed1c t\u1ebf? \u0110\u1ed9i ng\u0169 k\u1ef9 s\u01b0 v\u00e0 chuy\u00ean vi\u00ean t\u01b0 v\u1ea5n c\u1ee7a VIET NAM HCH BEARING lu\u00f4n s\u1eb5n s\u00e0ng h\u1ed7 tr\u1ee3 b\u1ea1n [&hellip;]\" \/>\n<meta property=\"og:url\" content=\"http:\/\/hchbearing.vn\/en\/lien-he\/\" \/>\n<meta property=\"og:site_name\" content=\"HCH BEARING VIETNAM\" \/>\n<meta property=\"article:modified_time\" content=\"2026-04-01T03:30:58+00:00\" \/>\n<meta name=\"twitter:card\" content=\"summary_large_image\" \/>\n<meta name=\"twitter:label1\" content=\"Est. reading time\" \/>\n\t<meta name=\"twitter:data1\" content=\"1 minute\" \/>\n<script type=\"application\/ld+json\" class=\"yoast-schema-graph\">{\"@context\":\"https:\/\/schema.org\",\"@graph\":[{\"@type\":\"WebPage\",\"@id\":\"http:\/\/hchbearing.vn\/en\/lien-he\/\",\"url\":\"http:\/\/hchbearing.vn\/en\/lien-he\/\",\"name\":\"Li\u00ean h\u1ec7 - HCH BEARING VIETNAM\",\"isPartOf\":{\"@id\":\"http:\/\/hchbearing.vn\/#website\"},\"datePublished\":\"2026-03-27T03:40:24+00:00\",\"dateModified\":\"2026-04-01T03:30:58+00:00\",\"breadcrumb\":{\"@id\":\"http:\/\/hchbearing.vn\/en\/lien-he\/#breadcrumb\"},\"inLanguage\":\"en-US\",\"potentialAction\":[{\"@type\":\"ReadAction\",\"target\":[\"http:\/\/hchbearing.vn\/en\/lien-he\/\"]}]},{\"@type\":\"BreadcrumbList\",\"@id\":\"http:\/\/hchbearing.vn\/en\/lien-he\/#breadcrumb\",\"itemListElement\":[{\"@type\":\"ListItem\",\"position\":1,\"name\":\"Trang ch\u1ee7\",\"item\":\"http:\/\/hchbearing.vn\/\"},{\"@type\":\"ListItem\",\"position\":2,\"name\":\"Li\u00ean h\u1ec7\"}]},{\"@type\":\"WebSite\",\"@id\":\"http:\/\/hchbearing.vn\/#website\",\"url\":\"http:\/\/hchbearing.vn\/\",\"name\":\"HCH BEARING VIETNAM\",\"description\":\"\",\"publisher\":{\"@id\":\"http:\/\/hchbearing.vn\/#organization\"},\"potentialAction\":[{\"@type\":\"SearchAction\",\"target\":{\"@type\":\"EntryPoint\",\"urlTemplate\":\"http:\/\/hchbearing.vn\/?s={search_term_string}\"},\"query-input\":\"required name=search_term_string\"}],\"inLanguage\":\"en-US\"},{\"@type\":\"Organization\",\"@id\":\"http:\/\/hchbearing.vn\/#organization\",\"name\":\"HCH BEARING VIETNAM\",\"url\":\"http:\/\/hchbearing.vn\/\",\"logo\":{\"@type\":\"ImageObject\",\"inLanguage\":\"en-US\",\"@id\":\"http:\/\/hchbearing.vn\/#\/schema\/logo\/image\/\",\"url\":\"https:\/\/hchbearing.vn\/wp-content\/uploads\/2026\/03\/logo-website.png\",\"contentUrl\":\"https:\/\/hchbearing.vn\/wp-content\/uploads\/2026\/03\/logo-website.png\",\"width\":1024,\"height\":1024,\"caption\":\"HCH BEARING VIETNAM\"},\"image\":{\"@id\":\"http:\/\/hchbearing.vn\/#\/schema\/logo\/image\/\"}}]}<\/script>\n<!-- \/ Yoast SEO Premium plugin. -->","yoast_head_json":{"title":"Li\u00ean h\u1ec7 - HCH BEARING VIETNAM","robots":{"index":"noindex","follow":"follow","max-snippet":"max-snippet:-1","max-image-preview":"max-image-preview:large","max-video-preview":"max-video-preview:-1"},"og_locale":"en_US","og_type":"article","og_title":"Li\u00ean h\u1ec7","og_description":"Li\u00ean h\u1ec7 K\u1ebft N\u1ed1i V\u1edbi Chuy\u00ean Gia B\u1ea1n \u0111ang t\u00ecm ki\u1ebfm gi\u1ea3i ph\u00e1p v\u00f2ng bi ch\u1ea5t l\u01b0\u1ee3ng cao cho d\u00e2y chuy\u1ec1n s\u1ea3n xu\u1ea5t ho\u1eb7c c\u1ea7n h\u1ee3p t\u00e1c gia c\u00f4ng OEM theo ti\u00eau chu\u1ea9n qu\u1ed1c t\u1ebf? \u0110\u1ed9i ng\u0169 k\u1ef9 s\u01b0 v\u00e0 chuy\u00ean vi\u00ean t\u01b0 v\u1ea5n c\u1ee7a VIET NAM HCH BEARING lu\u00f4n s\u1eb5n s\u00e0ng h\u1ed7 tr\u1ee3 b\u1ea1n [&hellip;]","og_url":"http:\/\/hchbearing.vn\/en\/lien-he\/","og_site_name":"HCH BEARING VIETNAM","article_modified_time":"2026-04-01T03:30:58+00:00","twitter_card":"summary_large_image","twitter_misc":{"Est. reading time":"1 minute"},"schema":{"@context":"https:\/\/schema.org","@graph":[{"@type":"WebPage","@id":"http:\/\/hchbearing.vn\/en\/lien-he\/","url":"http:\/\/hchbearing.vn\/en\/lien-he\/","name":"Li\u00ean h\u1ec7 - HCH BEARING VIETNAM","isPartOf":{"@id":"http:\/\/hchbearing.vn\/#website"},"datePublished":"2026-03-27T03:40:24+00:00","dateModified":"2026-04-01T03:30:58+00:00","breadcrumb":{"@id":"http:\/\/hchbearing.vn\/en\/lien-he\/#breadcrumb"},"inLanguage":"en-US","potentialAction":[{"@type":"ReadAction","target":["http:\/\/hchbearing.vn\/en\/lien-he\/"]}]},{"@type":"BreadcrumbList","@id":"http:\/\/hchbearing.vn\/en\/lien-he\/#breadcrumb","itemListElement":[{"@type":"ListItem","position":1,"name":"Trang ch\u1ee7","item":"http:\/\/hchbearing.vn\/"},{"@type":"ListItem","position":2,"name":"Li\u00ean h\u1ec7"}]},{"@type":"WebSite","@id":"http:\/\/hchbearing.vn\/#website","url":"http:\/\/hchbearing.vn\/","name":"HCH BEARING VIETNAM","description":"","publisher":{"@id":"http:\/\/hchbearing.vn\/#organization"},"potentialAction":[{"@type":"SearchAction","target":{"@type":"EntryPoint","urlTemplate":"http:\/\/hchbearing.vn\/?s={search_term_string}"},"query-input":"required name=search_term_string"}],"inLanguage":"en-US"},{"@type":"Organization","@id":"http:\/\/hchbearing.vn\/#organization","name":"HCH BEARING VIETNAM","url":"http:\/\/hchbearing.vn\/","logo":{"@type":"ImageObject","inLanguage":"en-US","@id":"http:\/\/hchbearing.vn\/#\/schema\/logo\/image\/","url":"https:\/\/hchbearing.vn\/wp-content\/uploads\/2026\/03\/logo-website.png","contentUrl":"https:\/\/hchbearing.vn\/wp-content\/uploads\/2026\/03\/logo-website.png","width":1024,"height":1024,"caption":"HCH BEARING VIETNAM"},"image":{"@id":"http:\/\/hchbearing.vn\/#\/schema\/logo\/image\/"}}]}},"_links":{"self":[{"href":"https:\/\/hchbearing.vn\/en\/wp-json\/wp\/v2\/pages\/184","targetHints":{"allow":["GET"]}}],"collection":[{"href":"https:\/\/hchbearing.vn\/en\/wp-json\/wp\/v2\/pages"}],"about":[{"href":"https:\/\/hchbearing.vn\/en\/wp-json\/wp\/v2\/types\/page"}],"author":[{"embeddable":true,"href":"https:\/\/hchbearing.vn\/en\/wp-json\/wp\/v2\/users\/1"}],"replies":[{"embeddable":true,"href":"https:\/\/hchbearing.vn\/en\/wp-json\/wp\/v2\/comments?post=184"}],"version-history":[{"count":28,"href":"https:\/\/hchbearing.vn\/en\/wp-json\/wp\/v2\/pages\/184\/revisions"}],"predecessor-version":[{"id":480,"href":"https:\/\/hchbearing.vn\/en\/wp-json\/wp\/v2\/pages\/184\/revisions\/480"}],"wp:attachment":[{"href":"https:\/\/hchbearing.vn\/en\/wp-json\/wp\/v2\/media?parent=184"}],"curies":[{"name":"wp","href":"https:\/\/api.w.org\/{rel}","templated":true}]}}